{"id":5816,"date":"2025-10-11T15:25:04","date_gmt":"2025-10-11T12:25:04","guid":{"rendered":"https:\/\/rbs.md\/?page_id=5816"},"modified":"2026-01-22T11:50:21","modified_gmt":"2026-01-22T09:50:21","slug":"istorii-de-succes","status":"publish","type":"page","link":"https:\/\/rbs.md\/ru\/istorii-de-succes\/","title":{"rendered":"\u0418\u0441\u0442\u043e\u0440\u0438\u0438 \u0443\u0441\u043f\u0435\u0445\u0430"},"content":{"rendered":"<div data-elementor-type=\"wp-page\" data-elementor-id=\"5816\" class=\"elementor elementor-5816\" data-elementor-post-type=\"page\">\n\t\t\t\t<div class=\"elementor-element elementor-element-2c67103 e-con-full e-flex e-con e-child\" data-id=\"2c67103\" data-element_type=\"container\" data-e-type=\"container\">\n\t\t\t\t<div class=\"elementor-element elementor-element-e153b3b elementor-widget elementor-widget-etheme_projects_chess\" data-id=\"e153b3b\" data-element_type=\"widget\" data-e-type=\"widget\" data-settings=\"{&quot;query_type&quot;:&quot;posts_ids&quot;,&quot;navigation&quot;:&quot;none&quot;,&quot;cols_gap&quot;:{&quot;unit&quot;:&quot;px&quot;,&quot;size&quot;:&quot;&quot;,&quot;sizes&quot;:[]},&quot;cols_gap_tablet&quot;:{&quot;unit&quot;:&quot;px&quot;,&quot;size&quot;:&quot;&quot;,&quot;sizes&quot;:[]},&quot;cols_gap_mobile&quot;:{&quot;unit&quot;:&quot;px&quot;,&quot;size&quot;:&quot;&quot;,&quot;sizes&quot;:[]},&quot;rows_gap&quot;:{&quot;unit&quot;:&quot;px&quot;,&quot;size&quot;:&quot;&quot;,&quot;sizes&quot;:[]},&quot;rows_gap_tablet&quot;:{&quot;unit&quot;:&quot;px&quot;,&quot;size&quot;:&quot;&quot;,&quot;sizes&quot;:[]},&quot;rows_gap_mobile&quot;:{&quot;unit&quot;:&quot;px&quot;,&quot;size&quot;:&quot;&quot;,&quot;sizes&quot;:[]}}\" data-widget_type=\"etheme_projects_chess.default\">\n\t\t\t\t<div class=\"elementor-widget-container\">\n\t\t\t\t\t            <div class=\"etheme-posts-wrapper etheme-posts-wrapper-list etheme-grid\">\n                \t\t<article class=\"etheme-post post-5822 etheme_portfolio type-etheme_portfolio status-publish has-post-thumbnail hentry portfolio_category-istorii-de-succes\">\n\t\t            <div class=\"etheme-post-image-wrapper etheme-post-image-chess etheme-image-hover etheme-image-hover-scaleIn\">\n                <a class=\"etheme-post-image-inner\" href=\"https:\/\/rbs.md\/ru\/proiect\/istoria-de-succes-a-companiei-krysha-md\/\">\n\t                <img decoding=\"async\" src=\"https:\/\/rbs.md\/wp-content\/uploads\/elementor\/thumbs\/krysha-1-rk3mr4keno4dzyl05ngfz0ng71g9bnif3pidehh9nw.jpg\" title=\"\u043a\u0440\u044b\u0448\u0430-1\" alt=\"\u043a\u0440\u044b\u0448\u0430-1\" loading=\"lazy\" \/>                <\/a>\n                                        <span class=\"etheme-post-terms-label\">\n                            <span class=\"etheme-post-terms etheme-post-categories\"><a href=\"https:\/\/rbs.md\/ru\/categorie\/istorii-de-succes\/\">\u0418\u0441\u0442\u043e\u0440\u0438\u0438 \u0443\u0441\u043f\u0435\u0445\u0430<\/a><\/span>                        <\/span>\n                                    <\/div>\n                        <div class=\"etheme-post-content\">\n\t\t\t\t<h2 class=\"etheme-post-title\"><a href=\"https:\/\/rbs.md\/ru\/proiect\/istoria-de-succes-a-companiei-krysha-md\/\">\u0418\u0441\u0442\u043e\u0440\u0438\u044f \u0443\u0441\u043f\u0435\u0445\u0430 Krysha.md<\/a><\/h2><div class=\"etheme-post-excerpt\">Krysha.md \u0431\u044b\u043b \u0440\u0430\u0437\u0440\u0430\u0431\u043e\u0442\u0430\u043d \u0432 \u0440\u0435\u0437\u0443\u043b\u044c\u0442\u0430\u0442\u0435 \u0442\u0435\u0441\u043d\u043e\u0433\u043e \u0441\u043e\u0442\u0440\u0443\u0434\u043d\u0438\u0447\u0435\u0441\u0442\u0432\u0430 \u0441 \u043a\u043e\u043c\u043f\u0430\u043d\u0438\u0435\u0439, \u0441\u043f\u0435\u0446\u0438\u0430\u043b\u0438\u0437\u0438\u0440\u0443\u044e\u0449\u0435\u0439\u0441\u044f \u043d\u0430 \u043a\u043e\u043c\u043f\u043b\u0435\u043a\u0441\u043d\u044b\u0445 \u0440\u0435\u0448\u0435\u043d\u0438\u044f\u0445 \u0434\u043b\u044f \u043a\u0440\u043e\u0432\u043b\u0438 \u0432 \u0420\u0435\u0441\u043f\u0443\u0431\u043b\u0438\u043a\u0435\u2026<\/div><a class=\"etheme-post-button\" href=\"https:\/\/rbs.md\/ru\/proiect\/istoria-de-succes-a-companiei-krysha-md\/\"><span class=\"button-text\">\u0418\u0417\u0423\u0427\u0418\u0422\u0415<\/span><svg xmlns=\"http:\/\/www.w3.org\/2000\/svg\" width=\"1em\" height=\"1em\" viewbox=\"0 0 24 24\" fill=\"currentColor\"><path d=\"M23.928 11.832c-0.048-0.12-0.12-0.216-0.168-0.264l-7.776-8.16c-0.12-0.144-0.288-0.216-0.48-0.24-0.168 0-0.36 0.048-0.48 0.168-0.288 0.24-0.312 0.672-0.048 0.984l6.648 6.984h-20.904c-0.384 0-0.696 0.312-0.696 0.696s0.312 0.672 0.696 0.672h20.904l-6.624 7.008c-0.12 0.144-0.192 0.312-0.168 0.48 0 0.192 0.096 0.36 0.216 0.48 0.12 0.144 0.312 0.216 0.48 0.216 0.144 0 0.312-0.048 0.48-0.192l7.776-8.16c0 0 0.168-0.264 0.168-0.336 0.024-0.12 0.024-0.216-0.024-0.336z\"><\/path><\/svg><\/a>            <\/div>\n\t\t\t\t<\/article>\n\t\t\t\t<article class=\"etheme-post post-5820 etheme_portfolio type-etheme_portfolio status-publish has-post-thumbnail hentry portfolio_category-istorii-de-succes\">\n\t\t            <div class=\"etheme-post-image-wrapper etheme-post-image-chess etheme-image-hover etheme-image-hover-scaleIn\">\n                <a class=\"etheme-post-image-inner\" href=\"https:\/\/rbs.md\/ru\/proiect\/istoria-de-succes-a-s-r-l-devotament\/\">\n\t                <img decoding=\"async\" src=\"https:\/\/rbs.md\/wp-content\/uploads\/elementor\/thumbs\/Devotament-logo-style-05-rcpqb1d5sdml4p25cwqcxo3086uwrlaak142d7btbg.png\" title=\"\u041b\u043e\u0433\u043e\u0442\u0438\u043f Devotament \u0432 \u0441\u0442\u0438\u043b\u0435-05\" alt=\"\u041b\u043e\u0433\u043e\u0442\u0438\u043f Devotament \u0432 \u0441\u0442\u0438\u043b\u0435-05\" loading=\"lazy\" \/>                <\/a>\n                                        <span class=\"etheme-post-terms-label\">\n                            <span class=\"etheme-post-terms etheme-post-categories\"><a href=\"https:\/\/rbs.md\/ru\/categorie\/istorii-de-succes\/\">\u0418\u0441\u0442\u043e\u0440\u0438\u0438 \u0443\u0441\u043f\u0435\u0445\u0430<\/a><\/span>                        <\/span>\n                                    <\/div>\n                        <div class=\"etheme-post-content\">\n\t\t\t\t<h2 class=\"etheme-post-title\"><a href=\"https:\/\/rbs.md\/ru\/proiect\/istoria-de-succes-a-s-r-l-devotament\/\">\u0418\u0441\u0442\u043e\u0440\u0438\u044f \u0443\u0441\u043f\u0435\u0445\u0430 \u043a\u043e\u043c\u043f\u0430\u043d\u0438\u0438 S.R.L. DEVOTAMENT<\/a><\/h2><div class=\"etheme-post-excerpt\">\u0418\u043c\u0435\u044f \u0431\u043e\u043b\u0435\u0435 \u0447\u0435\u043c 25-\u043b\u0435\u0442\u043d\u0438\u0439 \u043e\u043f\u044b\u0442 \u0440\u0430\u0431\u043e\u0442\u044b, \u043a\u043e\u043c\u043f\u0430\u043d\u0438\u044f Devotament SRL \u0437\u0430\u0440\u0435\u043a\u043e\u043c\u0435\u043d\u0434\u043e\u0432\u0430\u043b\u0430 \u0441\u0435\u0431\u044f \u043a\u0430\u043a \u043d\u0430\u0434\u0435\u0436\u043d\u043e\u0435 \u043f\u0440\u0435\u0434\u043f\u0440\u0438\u044f\u0442\u0438\u0435 \u043f\u043e \u043f\u0440\u043e\u0438\u0437\u0432\u043e\u0434\u0441\u0442\u0432\u0443...<\/div><a class=\"etheme-post-button\" href=\"https:\/\/rbs.md\/ru\/proiect\/istoria-de-succes-a-s-r-l-devotament\/\"><span class=\"button-text\">\u0418\u0417\u0423\u0427\u0418\u0422\u0415<\/span><svg xmlns=\"http:\/\/www.w3.org\/2000\/svg\" width=\"1em\" height=\"1em\" viewbox=\"0 0 24 24\" fill=\"currentColor\"><path d=\"M23.928 11.832c-0.048-0.12-0.12-0.216-0.168-0.264l-7.776-8.16c-0.12-0.144-0.288-0.216-0.48-0.24-0.168 0-0.36 0.048-0.48 0.168-0.288 0.24-0.312 0.672-0.048 0.984l6.648 6.984h-20.904c-0.384 0-0.696 0.312-0.696 0.696s0.312 0.672 0.696 0.672h20.904l-6.624 7.008c-0.12 0.144-0.192 0.312-0.168 0.48 0 0.192 0.096 0.36 0.216 0.48 0.12 0.144 0.312 0.216 0.48 0.216 0.144 0 0.312-0.048 0.48-0.192l7.776-8.16c0 0 0.168-0.264 0.168-0.336 0.024-0.12 0.024-0.216-0.024-0.336z\"><\/path><\/svg><\/a>            <\/div>\n\t\t\t\t<\/article>\n\t\t\t\t<article class=\"etheme-post post-5818 etheme_portfolio type-etheme_portfolio status-publish has-post-thumbnail hentry portfolio_category-istorii-de-succes\">\n\t\t            <div class=\"etheme-post-image-wrapper etheme-post-image-chess etheme-image-hover etheme-image-hover-scaleIn\">\n                <a class=\"etheme-post-image-inner\" href=\"https:\/\/rbs.md\/ru\/proiect\/istoria-de-succes-a-s-r-l-alliance-stroy\/\">\n\t                <img decoding=\"async\" src=\"https:\/\/rbs.md\/wp-content\/uploads\/elementor\/thumbs\/Screenshot-2025-08-27-111250-rav6dw3fb7klv4kf5ifrfclnj5mziu9uilcxx7q7n0.jpg\" title=\"\u0421\u043a\u0440\u0438\u043d\u0448\u043e\u0442 2025-08-27 111250\" alt=\"\u0421\u043a\u0440\u0438\u043d\u0448\u043e\u0442 2025-08-27 111250\" loading=\"lazy\" \/>                <\/a>\n                                        <span class=\"etheme-post-terms-label\">\n                            <span class=\"etheme-post-terms etheme-post-categories\"><a href=\"https:\/\/rbs.md\/ru\/categorie\/istorii-de-succes\/\">\u0418\u0441\u0442\u043e\u0440\u0438\u0438 \u0443\u0441\u043f\u0435\u0445\u0430<\/a><\/span>                        <\/span>\n                                    <\/div>\n                        <div class=\"etheme-post-content\">\n\t\t\t\t<h2 class=\"etheme-post-title\"><a href=\"https:\/\/rbs.md\/ru\/proiect\/istoria-de-succes-a-s-r-l-alliance-stroy\/\">\u0418\u0441\u0442\u043e\u0440\u0438\u044f \u0443\u0441\u043f\u0435\u0445\u0430 \u043a\u043e\u043c\u043f\u0430\u043d\u0438\u0438 S.R.L. Alliance-Stroy<\/a><\/h2><div class=\"etheme-post-excerpt\">Alliance-Stroy.md - \u043e\u0444\u0438\u0446\u0438\u0430\u043b\u044c\u043d\u044b\u0439 \u0441\u0430\u0439\u0442 \u043a\u043e\u043c\u043f\u0430\u043d\u0438\u0438 ALLIANCE-STROY S.R.L., \u0441\u043f\u0435\u0446\u0438\u0430\u043b\u0438\u0437\u0438\u0440\u0443\u044e\u0449\u0435\u0439\u0441\u044f \u043d\u0430 \u0441\u0442\u0440\u043e\u0438\u0442\u0435\u043b\u044c\u043d\u044b\u0445 \u0438 \u0431\u0435\u0442\u043e\u043d\u043d\u044b\u0445 \u0440\u0430\u0431\u043e\u0442\u0430\u0445. \u041f\u043b\u0430\u0442\u0444\u043e\u0440\u043c\u0430 \u043e\u0431\u044a\u0435\u0434\u0438\u043d\u044f\u0435\u0442 \u0432 \u0441\u0435\u0431\u0435 \u043f\u0440\u0435\u0437\u0435\u043d\u0442\u0430\u0446\u0438\u044e...<\/div><a class=\"etheme-post-button\" href=\"https:\/\/rbs.md\/ru\/proiect\/istoria-de-succes-a-s-r-l-alliance-stroy\/\"><span class=\"button-text\">\u0418\u0417\u0423\u0427\u0418\u0422\u0415<\/span><svg xmlns=\"http:\/\/www.w3.org\/2000\/svg\" width=\"1em\" height=\"1em\" viewbox=\"0 0 24 24\" fill=\"currentColor\"><path d=\"M23.928 11.832c-0.048-0.12-0.12-0.216-0.168-0.264l-7.776-8.16c-0.12-0.144-0.288-0.216-0.48-0.24-0.168 0-0.36 0.048-0.48 0.168-0.288 0.24-0.312 0.672-0.048 0.984l6.648 6.984h-20.904c-0.384 0-0.696 0.312-0.696 0.696s0.312 0.672 0.696 0.672h20.904l-6.624 7.008c-0.12 0.144-0.192 0.312-0.168 0.48 0 0.192 0.096 0.36 0.216 0.48 0.12 0.144 0.312 0.216 0.48 0.216 0.144 0 0.312-0.048 0.48-0.192l7.776-8.16c0 0 0.168-0.264 0.168-0.336 0.024-0.12 0.024-0.216-0.024-0.336z\"><\/path><\/svg><\/a>            <\/div>\n\t\t\t\t<\/article>\n\t\t            <\/div>\n\t\t\t\t\t\t\t<\/div>\n\t\t\t\t<\/div>\n\t\t\t\t<\/div>\n\t\t\t\t<\/div>","protected":false},"excerpt":{"rendered":"<p>Istorii de succes krysha.md (F\u0102 DUPLICAT) istorii succes Krysha.md este rezultatul unei colabor\u0103ri str\u00e2nse \u00eentre echipa noastr\u0103 \u0219i compania specializat\u0103 \u00een solu\u021bii complete pentru acoperi\u0219uri&#8230;<\/p>","protected":false},"author":3,"featured_media":0,"parent":0,"menu_order":0,"comment_status":"closed","ping_status":"closed","template":"","meta":{"footnotes":""},"class_list":["post-5816","page","type-page","status-publish","hentry"],"_links":{"self":[{"href":"https:\/\/rbs.md\/ru\/wp-json\/wp\/v2\/pages\/5816","targetHints":{"allow":["GET"]}}],"collection":[{"href":"https:\/\/rbs.md\/ru\/wp-json\/wp\/v2\/pages"}],"about":[{"href":"https:\/\/rbs.md\/ru\/wp-json\/wp\/v2\/types\/page"}],"author":[{"embeddable":true,"href":"https:\/\/rbs.md\/ru\/wp-json\/wp\/v2\/users\/3"}],"replies":[{"embeddable":true,"href":"https:\/\/rbs.md\/ru\/wp-json\/wp\/v2\/comments?post=5816"}],"version-history":[{"count":0,"href":"https:\/\/rbs.md\/ru\/wp-json\/wp\/v2\/pages\/5816\/revisions"}],"wp:attachment":[{"href":"https:\/\/rbs.md\/ru\/wp-json\/wp\/v2\/media?parent=5816"}],"curies":[{"name":"wp","href":"https:\/\/api.w.org\/{rel}","templated":true}]}}